{"id":11457,"date":"2023-11-12T21:51:59","date_gmt":"2023-11-12T21:51:59","guid":{"rendered":"https:\/\/furcan.com.tr\/en\/?page_id=11457"},"modified":"2026-03-02T17:41:20","modified_gmt":"2026-03-02T17:41:20","slug":"our-brands","status":"publish","type":"page","link":"https:\/\/furcan.com.tr\/en\/?page_id=11457","title":{"rendered":"OUR BRANDS"},"content":{"rendered":"\t\t<div data-elementor-type=\"wp-page\" data-elementor-id=\"11457\" class=\"elementor elementor-11457\">\n\t\t\t\t\t\t\t<div class=\"elementor-element elementor-element-c6b2591 e-flex e-con-boxed e-con e-parent\" data-id=\"c6b2591\" data-element_type=\"container\" data-settings=\"{&quot;background_background&quot;:&quot;classic&quot;,&quot;content_width&quot;:&quot;boxed&quot;}\" data-core-v316-plus=\"true\">\n\t\t\t\t\t<div class=\"e-con-inner\">\n\t\t\t\t<div class=\"elementor-element elementor-element-9ca6178 elementor-widget elementor-widget-heading\" data-id=\"9ca6178\" data-element_type=\"widget\" data-widget_type=\"heading.default\">\n\t\t\t\t<div class=\"elementor-widget-container\">\n\t\t\t<style>\/*! elementor - v3.17.0 - 08-11-2023 *\/\n.elementor-heading-title{padding:0;margin:0;line-height:1}.elementor-widget-heading .elementor-heading-title[class*=elementor-size-]>a{color:inherit;font-size:inherit;line-height:inherit}.elementor-widget-heading .elementor-heading-title.elementor-size-small{font-size:15px}.elementor-widget-heading .elementor-heading-title.elementor-size-medium{font-size:19px}.elementor-widget-heading .elementor-heading-title.elementor-size-large{font-size:29px}.elementor-widget-heading .elementor-heading-title.elementor-size-xl{font-size:39px}.elementor-widget-heading .elementor-heading-title.elementor-size-xxl{font-size:59px}<\/style><h1 class=\"elementor-heading-title elementor-size-default\">OUR BRANDS<\/h1>\t\t<\/div>\n\t\t\t\t<\/div>\n\t\t\t\t\t<\/div>\n\t\t\t\t<\/div>\n\t\t\t\t<div class=\"elementor-section elementor-top-section elementor-element elementor-element-40bc243 elementor-section-boxed elementor-section-height-default elementor-section-height-default\" data-id=\"40bc243\" data-element_type=\"section\" data-settings=\"{&quot;background_background&quot;:&quot;classic&quot;}\">\n\t\t\t\t\t\t<div class=\"elementor-container elementor-column-gap-default\">\n\t\t\t\t\t<div class=\"elementor-column elementor-col-100 elementor-top-column elementor-element elementor-element-c4a3c39\" data-id=\"c4a3c39\" data-element_type=\"column\" data-settings=\"{&quot;background_background&quot;:&quot;classic&quot;}\">\n\t\t\t<div class=\"elementor-widget-wrap elementor-element-populated\">\n\t\t\t\t\t\t\t\t<div class=\"elementor-element elementor-element-38e3a69 elementor-widget elementor-widget-text-editor\" data-id=\"38e3a69\" data-element_type=\"widget\" data-widget_type=\"text-editor.default\">\n\t\t\t\t<div class=\"elementor-widget-container\">\n\t\t\t<style>\/*! elementor - v3.17.0 - 08-11-2023 *\/\n.elementor-widget-text-editor.elementor-drop-cap-view-stacked .elementor-drop-cap{background-color:#69727d;color:#fff}.elementor-widget-text-editor.elementor-drop-cap-view-framed .elementor-drop-cap{color:#69727d;border:3px solid;background-color:transparent}.elementor-widget-text-editor:not(.elementor-drop-cap-view-default) .elementor-drop-cap{margin-top:8px}.elementor-widget-text-editor:not(.elementor-drop-cap-view-default) .elementor-drop-cap-letter{width:1em;height:1em}.elementor-widget-text-editor .elementor-drop-cap{float:left;text-align:center;line-height:1;font-size:50px}.elementor-widget-text-editor .elementor-drop-cap-letter{display:inline-block}<\/style>\t\t\t\t<p><b>OUR REGIONAL DEALERSHIP<\/b><\/p><table><tbody><tr><td width=\"217\"><p><strong>BRAND<\/strong><\/p><\/td><td width=\"347\"><p><strong>AREA OF SERVICE AND EXPERTISE<\/strong><\/p><\/td><\/tr><tr><td width=\"217\"><p><strong>BMC<\/strong><\/p><\/td><td width=\"347\"><p>\u2022Heavy Vehicle Group Sales<br \/><span style=\"color: var( --e-global-color-text ); font-family: var( --e-global-typography-text-font-family ), Sans-serif; font-weight: var( --e-global-typography-text-font-weight ); letter-spacing: 0.3px;\">\u2022Spare part<br \/><\/span><span style=\"color: var( --e-global-color-text ); font-family: var( --e-global-typography-text-font-family ), Sans-serif; font-weight: var( --e-global-typography-text-font-weight ); letter-spacing: 0.3px;\">\u2022Service<\/span><\/p><\/td><\/tr><tr><td width=\"217\"><p><strong>ATLAS COPCO <\/strong><\/p><\/td><td width=\"347\"><p>\u2022Generator<br \/><span style=\"color: var( --e-global-color-text ); font-family: var( --e-global-typography-text-font-family ), Sans-serif; font-weight: var( --e-global-typography-text-font-weight ); letter-spacing: 0.3px;\">\u2022Compressor<br \/><\/span><span style=\"color: var( --e-global-color-text ); font-family: var( --e-global-typography-text-font-family ), Sans-serif; font-weight: var( --e-global-typography-text-font-weight ); letter-spacing: 0.3px;\">\u2022Breaker<br \/><\/span><span style=\"color: var( --e-global-color-text ); font-family: var( --e-global-typography-text-font-family ), Sans-serif; font-weight: var( --e-global-typography-text-font-weight ); letter-spacing: 0.3px;\">\u2022 Sales &amp; Spare Parts &amp; Service<\/span><\/p><\/td><\/tr><tr><td width=\"217\"><p><strong>KJ JENERAT\u00d6R<\/strong><\/p><\/td><td width=\"347\"><p>\u2022Generator<br \/><span style=\"color: var( --e-global-color-text ); font-family: var( --e-global-typography-text-font-family ), Sans-serif; font-weight: var( --e-global-typography-text-font-weight ); letter-spacing: 0.3px;\">\u2022Cabins<br \/><\/span><span style=\"color: var( --e-global-color-text ); font-family: var( --e-global-typography-text-font-family ), Sans-serif; font-weight: var( --e-global-typography-text-font-weight ); letter-spacing: 0.3px;\">\u2022Synchronization Systems<br \/><\/span><span style=\"color: var( --e-global-color-text ); font-family: var( --e-global-typography-text-font-family ), Sans-serif; font-weight: var( --e-global-typography-text-font-weight ); letter-spacing: 0.3px;\">\u2022 Special and Major Projects<br \/><\/span><span style=\"color: var( --e-global-color-text ); font-family: var( --e-global-typography-text-font-family ), Sans-serif; font-weight: var( --e-global-typography-text-font-weight ); letter-spacing: 0.3px;\">\u2022 Sales &amp; Spare Parts &amp; Service<\/span><\/p><p><strong>\u00a0<\/strong><\/p><\/td><\/tr><tr><td width=\"217\"><p><strong>PROPRAT\u0130K<\/strong><\/p><\/td><td width=\"347\"><p>\u2022 ProPratik Heavy Vehicle Regional Sales &amp; Service<br \/><span style=\"color: var( --e-global-color-text ); font-family: var( --e-global-typography-text-font-family ), Sans-serif; font-weight: var( --e-global-typography-text-font-weight ); letter-spacing: 0.3px;\">\u2022 Lassa Sales<br \/><\/span><span style=\"color: var( --e-global-color-text ); font-family: var( --e-global-typography-text-font-family ), Sans-serif; font-weight: var( --e-global-typography-text-font-weight ); letter-spacing: 0.3px;\">\u2022 Bridgestone Sales<br \/><\/span><span style=\"color: var( --e-global-color-text ); font-family: var( --e-global-typography-text-font-family ), Sans-serif; font-weight: var( --e-global-typography-text-font-weight ); letter-spacing: 0.3px;\">\u2022 Dayton Sales<br \/><\/span><span style=\"color: var( --e-global-color-text ); font-family: var( --e-global-typography-text-font-family ), Sans-serif; font-weight: var( --e-global-typography-text-font-weight ); letter-spacing: 0.3px;\">\u2022\u00a0<\/span><span style=\"letter-spacing: 0.3px;\">ProPratik<\/span><span style=\"color: var( --e-global-color-text ); font-family: var( --e-global-typography-text-font-family ), Sans-serif; font-weight: var( --e-global-typography-text-font-weight ); letter-spacing: 0.3px;\">\u00a0Battery Sales<\/span><\/p><\/td><\/tr><\/tbody><\/table><p><strong>\u00a0<\/strong><\/p><p><span style=\"--global-gray-400: #e6e6e6; --global-gray-500: #aaaaaa; --global-xs-spacing: 1em; --global-sm-spacing: 1.875rem; --global-md-spacing: 2rem; --global-lg-spacing: 2.5em; --global-xl-spacing: 3.5em; --global-xxl-spacing: 4rem; --global-boxed-spacing: 2rem; font-weight: bold; letter-spacing: 0.3px;\">OUR REGIONAL DEALERSHIP<\/span><\/p><ul><li><strong> BMC<br \/>\u2022 ATLAS COPCO<br \/>\u2022 KJ JENERAT\u00d6R<br \/>\u2022 KARBA<br \/>\u2022 PROPRAT\u0130K\u00a0<br \/>\u2022 BRIDGESTONE<br \/>\u2022 LASSA<\/strong><\/li><\/ul><p><strong>\u00a0<\/strong><\/p><p><strong>OUR BRANDS<\/strong><\/p><p><strong>\u00a0<\/strong><\/p><ul><li><strong> CUMM\u0130NS <\/strong><\/li><li><strong> EPIROC<\/strong><\/li><li><strong> G\u00dcR\u0130\u015e<\/strong><\/li><li><strong> HENKEL <\/strong><\/li><li><strong> WEBOSTO<\/strong><\/li><li><strong> WABCO<\/strong><\/li><li><strong> BANDAG<\/strong><\/li><li><strong> KATMERC\u0130LER<\/strong><\/li><li><strong> KALE OTO RADYAT\u00d6R<\/strong><\/li><li><strong> EREN BALATA<\/strong><\/li><li><strong> ZF<\/strong><\/li><li><strong> H\u0130POMAK<\/strong><\/li><li><strong> KA\u00c7MAZLAR<\/strong><\/li><li><strong> PROSPEED<\/strong><\/li><li><strong> EKER<\/strong><\/li><li><strong> MRK <\/strong><\/li><li><strong> BKT<\/strong><\/li><li><strong> POWERPLAST<\/strong><\/li><li><strong> OSSA COOL\u0130NG<\/strong><\/li><li><strong> HENGST FILTER<\/strong><\/li><li><strong> GRS<\/strong><\/li><li><strong> ERKA <\/strong><\/li><li><strong> TIRSAN<\/strong><\/li><li><strong> EATON<\/strong><\/li><li><strong> N\u00dcRAL <\/strong><\/li><li><strong> EUROR\u0130CAMB\u0130<\/strong><\/li><li><strong> GOETZE<\/strong><\/li><li><strong> VADEN<\/strong><\/li><li><strong> HOLSET<\/strong><b>(HEAVY VEHICLE EXPERT)<\/b><\/li><\/ul>\t\t\t\t\t\t<\/div>\n\t\t\t\t<\/div>\n\t\t\t\t\t<\/div>\n\t\t<\/div>\n\t\t\t\t\t\t\t<\/div>\n\t\t<\/div>\n\t\t\t\t\t\t\t<\/div>\n\t\t","protected":false},"excerpt":{"rendered":"<p>OUR BRANDS OUR REGIONAL DEALERSHIP BRAND AREA OF SERVICE AND EXPERTISE BMC \u2022Heavy Vehicle Group Sales\u2022Spare part\u2022Service ATLAS COPCO \u2022Generator\u2022Compressor\u2022Breaker\u2022 Sales &amp; Spare Parts &amp; Service KJ JENERAT\u00d6R \u2022Generator\u2022Cabins\u2022Synchronization Systems\u2022 Special and Major Projects\u2022 Sales &amp; Spare Parts &amp; Service \u00a0 PROPRAT\u0130K \u2022 ProPratik Heavy Vehicle Regional Sales &amp; Service\u2022 Lassa Sales\u2022 Bridgestone Sales\u2022 Dayton&#8230;<\/p>\n","protected":false},"author":1,"featured_media":0,"parent":0,"menu_order":0,"comment_status":"closed","ping_status":"closed","template":"elementor_header_footer","meta":{"_tbt_post_transparent":"","_tbt_post_title":"","_tbt_post_layout":"","_tbt_post_sidebar_id":"","_tbt_post_content_style":"","_tbt_post_vertical_padding":"","_tbt_post_feature":"","_tbt_post_feature_position":"","_tbt_post_header":false,"_tbt_post_footer":false},"class_list":["post-11457","page","type-page","status-publish","hentry"],"_links":{"self":[{"href":"https:\/\/furcan.com.tr\/en\/index.php?rest_route=\/wp\/v2\/pages\/11457","targetHints":{"allow":["GET"]}}],"collection":[{"href":"https:\/\/furcan.com.tr\/en\/index.php?rest_route=\/wp\/v2\/pages"}],"about":[{"href":"https:\/\/furcan.com.tr\/en\/index.php?rest_route=\/wp\/v2\/types\/page"}],"author":[{"embeddable":true,"href":"https:\/\/furcan.com.tr\/en\/index.php?rest_route=\/wp\/v2\/users\/1"}],"replies":[{"embeddable":true,"href":"https:\/\/furcan.com.tr\/en\/index.php?rest_route=%2Fwp%2Fv2%2Fcomments&post=11457"}],"version-history":[{"count":22,"href":"https:\/\/furcan.com.tr\/en\/index.php?rest_route=\/wp\/v2\/pages\/11457\/revisions"}],"predecessor-version":[{"id":12149,"href":"https:\/\/furcan.com.tr\/en\/index.php?rest_route=\/wp\/v2\/pages\/11457\/revisions\/12149"}],"wp:attachment":[{"href":"https:\/\/furcan.com.tr\/en\/index.php?rest_route=%2Fwp%2Fv2%2Fmedia&parent=11457"}],"curies":[{"name":"wp","href":"https:\/\/api.w.org\/{rel}","templated":true}]}}